{"id":48,"date":"2014-02-18T10:52:40","date_gmt":"2014-02-18T10:52:40","guid":{"rendered":"http:\/\/talentschool.info\/FestivaldelTalento\/?page_id=48"},"modified":"2014-05-21T16:44:12","modified_gmt":"2014-05-21T16:44:12","slug":"regolamento-2","status":"publish","type":"page","link":"http:\/\/talentschool.info\/FestivaldelTalento\/?page_id=48","title":{"rendered":"Regolamento"},"content":{"rendered":"<h3 style=\"text-align: left;\">Regolamento<\/h3>\n<h6 style=\"text-align: left;\">(<a title=\"Regolamento\" href=\"http:\/\/www.eimela.it\/talentschool.info\/FESTIVAL%20DEL%20TALENTO%202014%20-%20REGOLAMENTO.pdf\" target=\"_blank\">scarica in formato PDF<\/a>, compila il <a title=\"Iscriviti\" href=\"http:\/\/talentschool.info\/FestivaldelTalento\/?page_id=40\" target=\"_blank\">form di iscrizione<\/a>)<\/h6>\n<p>&nbsp;<\/p>\n<p>Sono ammessi al FESTIVAL DEL TALENTO tutti gli artisti e le band di qualsiasi nazionalit\u00e0 e di qualsiasi genere musicale divisi nelle seguenti\u00a0 categorie:<\/p>\n<p>&#8211;\u00a0\u00a0\u00a0\u00a0\u00a0\u00a0\u00a0\u00a0\u00a0 <b>ORIGINAL BAND<\/b><br \/>\nGruppi musicali, il cui membro pi\u00f9 piccolo non dovr\u00e0 avere meno di 16 anni, che propongono musica originale, edita o inedita di cui posseggono tutti i diritti;<\/p>\n<p>&#8211;\u00a0\u00a0\u00a0\u00a0\u00a0\u00a0\u00a0\u00a0\u00a0 <b>INTERPRETI <\/b><br \/>\nArtisti, di et\u00e0 inferiore ai 16 anni, che propongono delle cover, edite o inedite di cui posseggono tutti i diritti;<\/p>\n<p>&#8211;\u00a0\u00a0\u00a0\u00a0\u00a0\u00a0\u00a0\u00a0\u00a0 <b>COVER BAND<\/b><br \/>\nBand, il cui membro pi\u00f9 piccolo non dovr\u00e0 avere meno di 16 anni, che propongono delle cover, edite o inedite di cui posseggono tutti i diritti;<\/p>\n<p>&#8211;\u00a0\u00a0\u00a0\u00a0\u00a0\u00a0\u00a0\u00a0\u00a0 <b>CANTAUTORI<\/b><br \/>\nArtisti la cui et\u00e0 non dovr\u00e0 essere inferiore ai 16 anni, che propongono brani originali, editi o inediti di cui\u00a0 posseggono tutti i diritti;<\/p>\n<p>&#8211;\u00a0\u00a0\u00a0\u00a0\u00a0\u00a0\u00a0\u00a0\u00a0 <b>RAPPER<\/b><br \/>\nArtisti la cui et\u00e0 non dovr\u00e0 essere inferiore ai 16 anni, che propongono brani originali, editi o inediti di cui\u00a0 posseggono tutti i diritti;<\/p>\n<p>&#8211;\u00a0\u00a0\u00a0\u00a0\u00a0\u00a0\u00a0\u00a0\u00a0 <b>MUSICISTI<\/b><br \/>\nMusicisti singoli (chitarristi, bassisti, pianisti\/tastieristi, batteristi, ecc\u2026.), la cui et\u00e0 non dovr\u00e0 essere inferiore ai 16 anni, che propongono brani originali editi o inediti di cui posseggono tutti i diritti, o cover editi o inediti di cui posseggono tutti i diritti.<\/p>\n<p>&#8211;\u00a0\u00a0\u00a0\u00a0\u00a0\u00a0\u00a0\u00a0\u00a0 <b>JUNIOR<\/b><br \/>\nQuesta categoria \u00e8 per i talenti pi\u00f9 giovani:<\/p>\n<ul>\n<li>Cantanti junior 1, riservata ai piccoli talenti da 6 a 10 anni;<\/li>\n<li>Cantanti junior 2, riservata ai piccoli talenti da 11 a 15 anni.<\/li>\n<li>Musicisti junior (chitarristi, bassisti, pianisti\/tastieristi, batteristi, ecc\u2026.), riservata ai piccoli talenti da 6 a 15 anni;<\/li>\n<li>Junior band, riservata alle band in cui il membro pi\u00f9 piccolo non dovr\u00e0 avere meno di 6 anni e quello pi\u00f9 grande non dovr\u00e0 averne pi\u00f9 di 15.<\/li>\n<\/ul>\n<p>Gli aspiranti minorenni, siano essi singoli o componenti una band, dovranno essere accompagnati da un genitore oppure da un maggiorenne\u00a0 munito di carta di identit\u00e0 e di una delega di un genitore firmata con relativa copia di un documento di riconoscimento valido, pena l\u2019esclusione dal festival.<\/p>\n<p><b>\u00a0<\/b><\/p>\n<p><b>COME PARTECIPARE<\/b><\/p>\n<p>&#8211; 1 &#8211;\u00a0\u00a0\u00a0\u00a0\u00a0\u00a0\u00a0\u00a0 Compilare il modulo di iscrizione nell\u2019area \u201c<a href=\"http:\/\/talentschool.info\/FestivaldelTalento\/?page_id=40\"><strong><span style=\"color: #b40404;\">ISCRIVITI<\/span><\/strong><\/a>\u201d sul nostro sito; l&#8217;invio del form compilato \u00e8 gratuito e non \u00e8 vincolante se l&#8217;iscrizione non viene completata con l&#8217;invio del DEMO.<br \/>\n&#8211;\u00a02 &#8211;\u00a0\u00a0\u00a0\u00a0\u00a0\u00a0\u00a0\u00a0 Nel form dovrai inserire i tuoi dati: Nome, Cognome, Et\u00e0, Citt\u00e0 di residenza, Categoria e infine il tuo indirizzo email;<br \/>\n&#8211;\u00a03 &#8211;\u00a0\u00a0\u00a0\u00a0\u00a0\u00a0\u00a0\u00a0 Riceverai una email con tutte le indicazioni da seguire per completare l\u2019iscrizione.<\/p>\n<p>Effettuate le suddette operazioni l\u2019Artista parteciper\u00e0 di diritto alla fase preliminare del festival con audizione via DEMO.<\/p>\n<p>Il DEMO dovr\u00e0 essere inviato secondo le modalit\u00e0 indicate dallo staff del festival. In caso di superamento della fase preliminare via DEMO, completando l\u2019iscrizione tramite il versamento dell\u2019intera quota, l\u2019Artista avr\u00e0 diritto alla partecipazione alle fasi successive di selezione e ad eventuali sconti, offerte e promozioni collegati alle specifiche iniziative parallele e di supporto didattico, attivate dall\u2019Organizzazione, quali ad esempio:<\/p>\n<p>&#8211;\u00a0\u00a0\u00a0\u00a0\u00a0\u00a0\u00a0\u00a0\u00a0 Corso di scrittura creativa;<br \/>\n&#8211;\u00a0\u00a0\u00a0\u00a0\u00a0\u00a0\u00a0\u00a0\u00a0 Tecnica di canto;<br \/>\n&#8211;\u00a0\u00a0\u00a0\u00a0\u00a0\u00a0\u00a0\u00a0\u00a0 Corso di Interpretazione;<br \/>\n&#8211;\u00a0\u00a0\u00a0\u00a0\u00a0\u00a0\u00a0\u00a0\u00a0 Corso di Dizione;<br \/>\n&#8211;\u00a0\u00a0\u00a0\u00a0\u00a0\u00a0\u00a0\u00a0\u00a0 Corso di Presenza scenica;<br \/>\n&#8211;\u00a0\u00a0\u00a0\u00a0\u00a0\u00a0\u00a0\u00a0\u00a0 Look<br \/>\n&#8211;\u00a0\u00a0\u00a0\u00a0\u00a0\u00a0\u00a0\u00a0\u00a0 Turni di perfezionamento in Sala Prove;<br \/>\n&#8211;\u00a0\u00a0\u00a0\u00a0\u00a0\u00a0\u00a0\u00a0\u00a0 Registrazioni di Supporto in Studio;<br \/>\n&#8211;\u00a0\u00a0\u00a0\u00a0\u00a0\u00a0\u00a0\u00a0\u00a0 Arrangiamenti musicali di perfezionamento;<br \/>\n&#8211;\u00a0\u00a0\u00a0\u00a0\u00a0\u00a0\u00a0\u00a0\u00a0 Consulenza per canto in inglese;<br \/>\n&#8211;\u00a0\u00a0\u00a0\u00a0\u00a0\u00a0\u00a0\u00a0\u00a0 Consulenze per iscrizione SIAE e adempimenti fiscali eventuali ecc<\/p>\n<p><strong>L\u2019iscrizione viene accettata tramite il pagamento di un acconto di 20\u20ac contestuale all\u2019invio del DEMO.<\/strong><\/p>\n<p><em><strong><span style=\"color: #b40404;\">Nel caso in cui l\u2019Artista NON dovesse superare la fase preliminare via DEMO l\u2019Organizzazione provveder\u00e0 al RIMBORSO totale dell\u2019ACCONTO della quota associativa.<\/span><\/strong><\/em><\/p>\n<p>Solo ed ESCLUSIVAMENTE in caso di superamento della fase preliminare di selezione tramite audizione via DEMO, verr\u00e0 richiesto il SALDO della quota di iscrizione pari a 70\u20ac.<\/p>\n<p>ATTENZIONE, la suddetta quota dovr\u00e0 essere versata appena concluse le SELEZIONI della PRIMA FASE <strong><span style=\"color: #b40404;\"> e solo nel caso che <\/span><\/strong> la commissione artistica <strong><span style=\"color: #b40404;\">decreta l&#8217;idoneit\u00e0 e conferma il superamento della PRIMA FASE di selezione;<\/span><\/strong><\/p>\n<p><strong><span style=\"color: #0101df;\">la QUOTA di iscrizione \u00e8 L\u2019UNICO CONTRIBUTO ECONOMICO RICHIESTO PER PARTECIPARE ALLE SELEZIONI DEL FESTIVAL, infatti in caso di accesso alle fasi successive NON saranno richiesti ulteriori contributi.<\/span><\/strong><\/p>\n<p><b>\u00a0<\/b><\/p>\n<p><em>Di seguito i vari step delle selezioni del FESTIVAL<\/em><\/p>\n<p><b>1)\u00a0\u00a0\u00a0\u00a0\u00a0 <\/b><b>FASE PRELIMINARE<\/b><\/p>\n<p>Le audizioni della fase preliminare sono audizioni di idoneit\u00e0 e vengono <strong>effettuate via DEMO<\/strong>. L\u2019Artista\/Band ricever\u00e0 dallo staff, al momento dell\u2019iscrizione, la procedura per l\u2019invio del DEMO. Possono essere presentati DEMO audio o riprese video di esibizioni live che contengano una traccia audio di qualit\u00e0 sufficiente per consentire la valutazione dell\u2019Artista\/Band. Il DEMO dovr\u00e0 contenere un brano della durata massima di 5 minuti. Supereranno la fase preliminare solo gli Artisti e le Band che avranno ricevuto l\u2019idoneit\u00e0 nella met\u00e0 pi\u00f9 uno del totale dei parametri di valutazione della Commissione Artistica.<\/p>\n<p>&nbsp;<\/p>\n<p><b>2)\u00a0\u00a0\u00a0\u00a0\u00a0 <\/b><b>PRIMA FASE<\/b><\/p>\n<p>Tutti coloro che supereranno la fase preliminare saranno convocati per <strong>una audizione live<\/strong> presso la nostra sede a Bastia Umbra (PG) in via delle Ginestre 21; gli Artisti\/Band dovranno eseguire dal vivo un brano a loro scelta della durata massima di 5 minuti.<\/p>\n<p>Come si articola la PRIMA FASE:<\/p>\n<ul>\n<li>Tutti gli Artisti riceveranno una e-mail di convocazione con almeno 15 giorni di anticipo rispetto alla data di audizione con tutte le informazioni utili per prepararsi al meglio;<\/li>\n<li>I partecipanti delle categorie INTERPRETI, CANTAUTORI, RAPPER e JUNIOR dovranno esibirsi dal vivo con l\u2019ausilio di una base musicale in formato digitale (WAV\/MP3\/AIFF su supporto digitale, ad esempio un CD o una pendrive) oppure accompagnandosi con uno strumento. La base non pu\u00f2 contenere la traccia della voce solista;<\/li>\n<li>I partecipanti delle categorie ORIGINAL BAND, COVER BAND e JUNIOR BAND dovranno cantare e suonare dal vivo (sono ammesse sequenze preregistrate o effetti di contorno);<\/li>\n<li>I partecipanti della categoria MUSICISTI e MUSICISTI JUNIOR dovranno suonare dal vivo ma potranno usufruire di una base di accompagnamento che non contenga la traccia da eseguire;<\/li>\n<li>Tutti i partecipanti dovranno firmare una liberatoria per consentire l\u2019utilizzo di fotografie e riprese video fatte dall\u2019Organizzazione e che saranno usate a discrezione dell\u2019Organizzazione;<\/li>\n<li>Tutti i partecipanti dovranno provvedere autonomamente a tutta la strumentazione personale necessaria per la propria esibizione, fatta esclusione della seguente strumentazione fornita dall\u2019Organizzazione:\n<ul>\n<li>Batteria completa in configurazione base;<\/li>\n<li>Tastiera\/pianoforte digitale;<\/li>\n<li>2 amplificatori per chitarra;<\/li>\n<li>2 amplificatori per basso;<\/li>\n<li>Impianto di amplificazione;<\/li>\n<li>Impianto luci;<\/li>\n<li>Microfoni e spie.<\/li>\n<\/ul>\n<\/li>\n<li>Il brano presentato pu\u00f2 essere edito o inedito, in lingua italiana, dialettale o straniera;<\/li>\n<li>Il brano che si intende presentare dovr\u00e0 avere una durata massima di 5 minuti e sar\u00e0 compito della Commissione Artistica valutare eventuali eccessi nelle parole e nei contenuti del brano che possano offendere il comune senso del pudore o essere offensivi verso terzi;<\/li>\n<li>Al termine dell\u2019audizione la Commissione Artistica, a proprio insindacabile giudizio, comunicher\u00e0 l\u2019esito dell\u2019audizione attraverso un colloquio con l\u2019Artista partecipante in cui fornir\u00e0 l\u2019esito motivandolo con opinioni e consigli; la mancata osservanza delle direttive fornite dall\u2019Organizzazione potrebbe compromettere o precludere la partecipazione al Festival.<\/li>\n<\/ul>\n<p>&nbsp;<\/p>\n<p><b>3)\u00a0\u00a0\u00a0\u00a0\u00a0 <\/b><b>SECONDA FASE<\/b><\/p>\n<p>Tutti coloro che supereranno la PRIMA FASE accederanno alle <strong>audizioni live della SECONDA FASE<\/strong> che si svolgeranno presso la nostra sede a Bastia Umbra (PG) in via delle Ginestre 21.<\/p>\n<p>Valgono tutti gli articoli elencati alla PRIMA FASE.<\/p>\n<p>STAGE FORMATIVI<\/p>\n<p>Durante i mesi in cui si svolgeranno le selezioni per arrivare alla Finale verranno organizzati degli STAGE FORMATIVI FACOLTATIVI di formazione musicale destinati esclusivamente agli Artisti \/Band che avranno superato la FASE PRELIMINARE.<\/p>\n<p>Gli stage formativi sono FACOLTATIVI e NON obbligatori.<\/p>\n<p>&nbsp;<\/p>\n<p><b>4)\u00a0\u00a0\u00a0\u00a0\u00a0 <\/b><b>TERZA FASE \u2013 SEMIFINALI<\/b><\/p>\n<p>In questa fase<strong> la Commissione Artistica<\/strong> selezioner\u00e0 gli artisti che parteciperanno alla FINALE del Festival del Talento; in particolare <strong>verranno selezionati i migliori 3 di ogni categoria.<\/strong><\/p>\n<p>La selezione avverr\u00e0 tramite <strong>audizioni live che si svolgeranno presso la nostra sede a Bastia Umbra (PG) in via delle Ginestre 21.<\/strong><\/p>\n<p>Valgono tutti gli articoli elencati alla PRIMA FASE.<\/p>\n<p>L\u2019ASSENZA DI UN ARTISTA NEL GIORNO E NELL\u2019ORA STABILITI PER L\u2019AUDIZIONE POTRA\u2019 COMPORTARE LA SUA ESCLUSIONE DAL CONCORSO.<\/p>\n<p>&nbsp;<\/p>\n<p><b>5)\u00a0\u00a0\u00a0\u00a0\u00a0 <\/b><b>FINALE<\/b><\/p>\n<p>Se riesci a superare tutte le FASI del FESTIVAL del TALENTO arrivi alla<strong> FINALE e salirai \u00a0sul palco per il confronto FINALISSIMO in una esibizione dal vivo.<\/strong><\/p>\n<p>La FINALE del Festival del Talento \u00e8 l\u2019evento conclusivo, che ogni anno seleziona i migliori tra gli artisti del Concorso.<\/p>\n<p>Uno spettacolo LIVE all&#8217;aperto o in un TEATRO attrezzato a <strong>PERUGIA<\/strong> o in una location della provincia di PERUGIA.<\/p>\n<p>Il \u00a0periodo programmato per la Finale conclusiva del Festival \u00e8 nel <strong>MESE di DICEMBRE\u00a02014.<\/strong><\/p>\n<p>Un grande spettacolo a ingresso gratuito dove pubblico, addetti ai lavori e appassionati selezionano le migliori espressioni delle nuove tendenze musicali.<\/p>\n<p>I FINALISTI saranno giudicati da una commissione artistica particolare di professionisti che varia per ogni edizione.<\/p>\n<p>Lo spettacolo diventa anche un\u2019occasione unica per registrare la propria performance dal vivo al fine di diffondere il proprio prodotto alle case discografiche major e indipendenti.<\/p>\n<p>Una stupenda \u00a0opportunit\u00e0 per i musicisti, i cantanti e le band emergenti di tutta italia!<\/p>\n<p>Le date e i luoghi definitivi della Manifestazione FINALE saranno comunicati <strong>con due mesi di anticipo<\/strong>.<\/p>\n<p>Durante la finale una Commissione Artistica del tutto d\u2019eccezione decreter\u00e0 almeno un vincitore per ciascuna categoria artistica.<\/p>\n<ul>\n<li>Spetta solo ed esclusivamente all\u2019Organizzazione diffondere attraverso i mass media l\u2019autorizzazione di ripresa video e audio;<\/li>\n<li>L\u2019Organizzazionesosterr\u00e0 le spese emanate dalla SIAE in materia di concorsi;<\/li>\n<li>L\u2019Organizzazione si riserva espressamente, in caso di inadempienze al presente regolamento da parte degli iscritti, il potere di esclusione in qualsiasi momento degli stessi dal Festival.<\/li>\n<\/ul>\n<p>&nbsp;<\/p>\n<p><b>PREMI<\/b><\/p>\n<p>L\u2019elenco dei premi finali \u00e8 disponibile nella sezione PREMI IN PALIO del nostro sito web.<\/p>\n<p>&nbsp;<\/p>\n<p><b>NOTE CONCLUSIVE<\/b><\/p>\n<p>I partecipanti, iscrivendosi, sollevano l\u2019Organizzazione da eventuali responsabilit\u00e0, garantendo di non violare con la propria esibizione i diritti di terzi. Ogni partecipante \u00e8 tenuto a fornire un indirizzo email valido per ricevere le comunicazioni da parte dell\u2019Organizzazione. L\u2019Organizzazione non \u00e8 in alcun modo responsabile della mancata ricezione di comunicazioni. Non \u00e8 prevista la restituzione di alcuna quota versata durante il corso del Festival fatta eccezione per l\u2019ACCONTO (20\u20ac) versato dagli artisti in FASE PRELIMINARE nella SOLA eventualit\u00e0 che questi non vengano ammessi alla PRIMA FASE. L\u2019Organizzazione, infine, si riserva il diritto di cambiare l\u2019articolazione ed il numero delle FASI SELETTIVE in funzione del numero degli iscritti o di altri eventi attualmente non ponderati.<\/p>\n<p>Ai sensi e per gli effetti del D.Lgs. 196\/2003, recante disposizioni a tutela delle persone e degli altri soggetti rispetto al trattamento dei dati personali, il partecipante fornisce il proprio consenso al trattamento dei propri dati personali, direttamente o anche attraverso terzi, oltre che per l\u2019integrale esecuzione del presente regolamento, per eventualmente elaborare: a)studi, ricerche, statistiche ed indagini di mercato; b) inviare materiale pubblicitario e informazioni commerciali. Nel periodo di vigenza del presente regolamento, l\u2019Organizzazione, a suo insindacabile giudizio, pu\u00f2 apportarvi integrazioni e modifiche per esigenze organizzative e funzionali. L\u2019Organizzazione potr\u00e0 altres\u00ec, per fatti imprevisti o sopravvenuti, introdurre modifiche ed integrazioni a tutela e salvaguardia del livello artistico del Festival facendo tuttavia salvo lo spirito delle premesse e l\u2019articolazione della manifestazione.<\/p>\n<p><span style=\"color: #000000;\">\u00a0<\/span><\/p>\n<h6 style=\"text-align: left;\">(<a title=\"Regolamento\" href=\"http:\/\/www.eimela.it\/talentschool.info\/FESTIVAL%20DEL%20TALENTO%202014%20-%20REGOLAMENTO.pdf\" target=\"_blank\">scarica in formato PDF<\/a>, compila il\u00a0<a title=\"Iscriviti\" href=\"http:\/\/talentschool.info\/FestivaldelTalento\/?page_id=40\" target=\"_blank\">form di iscrizione<\/a>)<\/h6>\n","protected":false},"excerpt":{"rendered":"<p>Regolamento (scarica in formato PDF, compila il form di iscrizione) &nbsp; Sono ammessi al FESTIVAL DEL TALENTO tutti gli artisti e le band di qualsiasi nazionalit\u00e0 e di qualsiasi genere musicale divisi nelle seguenti\u00a0 categorie: &#8211;\u00a0\u00a0\u00a0\u00a0\u00a0\u00a0\u00a0\u00a0\u00a0 ORIGINAL BAND Gruppi musicali, il cui membro pi\u00f9 piccolo non dovr\u00e0 avere meno di 16 anni, che propongono musica [&hellip;]<\/p>\n","protected":false},"author":1,"featured_media":108,"parent":0,"menu_order":0,"comment_status":"closed","ping_status":"closed","template":"","meta":{"_mi_skip_tracking":false},"_links":{"self":[{"href":"http:\/\/talentschool.info\/FestivaldelTalento\/index.php?rest_route=\/wp\/v2\/pages\/48"}],"collection":[{"href":"http:\/\/talentschool.info\/FestivaldelTalento\/index.php?rest_route=\/wp\/v2\/pages"}],"about":[{"href":"http:\/\/talentschool.info\/FestivaldelTalento\/index.php?rest_route=\/wp\/v2\/types\/page"}],"author":[{"embeddable":true,"href":"http:\/\/talentschool.info\/FestivaldelTalento\/index.php?rest_route=\/wp\/v2\/users\/1"}],"replies":[{"embeddable":true,"href":"http:\/\/talentschool.info\/FestivaldelTalento\/index.php?rest_route=%2Fwp%2Fv2%2Fcomments&post=48"}],"version-history":[{"count":57,"href":"http:\/\/talentschool.info\/FestivaldelTalento\/index.php?rest_route=\/wp\/v2\/pages\/48\/revisions"}],"predecessor-version":[{"id":185,"href":"http:\/\/talentschool.info\/FestivaldelTalento\/index.php?rest_route=\/wp\/v2\/pages\/48\/revisions\/185"}],"wp:featuredmedia":[{"embeddable":true,"href":"http:\/\/talentschool.info\/FestivaldelTalento\/index.php?rest_route=\/wp\/v2\/media\/108"}],"wp:attachment":[{"href":"http:\/\/talentschool.info\/FestivaldelTalento\/index.php?rest_route=%2Fwp%2Fv2%2Fmedia&parent=48"}],"curies":[{"name":"wp","href":"https:\/\/api.w.org\/{rel}","templated":true}]}}